{"id":2073,"date":"2017-10-04T17:37:48","date_gmt":"2017-10-04T20:37:48","guid":{"rendered":"https:\/\/webdesignalafrancaise.com.br\/?page_id=2073"},"modified":"2017-10-20T15:26:36","modified_gmt":"2017-10-20T18:26:36","slug":"services","status":"publish","type":"page","link":"https:\/\/webdesignalafrancaise.com.br\/fr\/services\/","title":{"rendered":"Services"},"content":{"rendered":"<\/div>\n<\/div>\n<\/div>\n<div class='service-item'>\n<div class=\"row\">\n<div class=\"col-lg-3 col-md-6 col-sm-6 animation-element zoomIn\">\n<div class=\"pricing-table\">\n<h3 class=\"title-princing\">Cr\u00e9ation<br \/>de Site Web<\/h3>\n<div class='service-content item1'>\n<div class=\"item-content\">\n<div><span><img decoding=\"async\" src=\"https:\/\/webdesignalafrancaise.com.br\/wp-content\/uploads\/2017\/05\/icone-plano-site-institucional.png\" alt=\"Cr\u00e9ation de site web\" \/><\/p>\n<h2>Site web, blog, portail, landing page <small>avec administration pour actualiser vos textes et images quand vous le souhaitez<\/small><\/h2>\n<p><\/span><\/div>\n<\/div><\/div>\n<p>            <a href=\"https:\/\/webdesignalafrancaise.com.br\/fr\/services\/site-web\/\" class=\"btn-pack1\">Plus de d\u00e9tails<\/a>\n        <\/div>\n<\/p><\/div>\n<div class=\"col-lg-3 col-md-6 col-sm-6 animation-element zoomIn\">\n<div class=\"pricing-table\">\n<h3 class=\"title-princing\">D\u00e9veloppement<br \/>E-Commerce<\/h3>\n<div class='service-content item2'>\n<div class=\"item-content\">\n<div><span><img decoding=\"async\" src=\"https:\/\/webdesignalafrancaise.com.br\/wp-content\/uploads\/2017\/05\/icone-plano-loja-virtual.png\" alt=\"D\u00e9veloppement de e-commerce\" \/><\/p>\n<h2>Produits illimit\u00e9s et payement en ligne <small>avec administration pour actualiser vos produits, textes et images quand vous le souhaitez<\/small><\/h2>\n<p><\/span><\/div>\n<\/div><\/div>\n<p>            <a href=\"https:\/\/webdesignalafrancaise.com.br\/fr\/services\/e-commerce\/\" class=\"btn-pack1\">Plus de d\u00e9tails<\/a>\n        <\/div>\n<\/p><\/div>\n<div class=\"col-lg-3 col-md-6 col-sm-6 animation-element zoomIn\">\n<div class=\"pricing-table\">\n<h3 class=\"title-princing\">H\u00e9bergement<br \/>de Site Web<\/h3>\n<div class='service-content item3'>\n<div class=\"item-content\">\n<div><span><img decoding=\"async\" src=\"https:\/\/webdesignalafrancaise.com.br\/wp-content\/uploads\/2017\/10\/icone-plano-hospedagem.png\" alt=\"H\u00e9bergement de site web pas cher\" \/><\/p>\n<h2>E-mails corporatifs et bases de donn\u00e9s illimit\u00e9s <small>avec CPanel pour tout administrer<\/small><\/h2>\n<p><\/span><\/div>\n<\/div><\/div>\n<p>            <a href=\"https:\/\/webdesignalafrancaise.com.br\/fr\/services\/hebergement\/\" class=\"btn-pack1\">Plus de d\u00e9tails<\/a>\n        <\/div>\n<\/p><\/div>\n<div class=\"col-lg-3 col-md-6 col-sm-6 animation-element zoomIn\">\n<div class=\"pricing-table\">\n<h3 class=\"title-princing\">Cr\u00e9ation<br \/>en P.A.O.<\/h3>\n<div class='service-content item4'>\n<div class=\"item-content\">\n<div><span><img decoding=\"async\" src=\"https:\/\/webdesignalafrancaise.com.br\/wp-content\/uploads\/2017\/05\/icone-plano-identidade-visual.png\" alt=\"Cr\u00e9ation en P.A.O.\" \/>  <\/p>\n<h2>Logo-marque, carte de visite, papier corporatif, affiche, banner, flyer, d\u00e9pliant e revue<\/h2>\n<p><\/span><\/div>\n<\/div><\/div>\n<p>            <a href=\"https:\/\/webdesignalafrancaise.com.br\/fr\/services\/pao\/\" class=\"btn-pack1\">Plus de d\u00e9tails<\/a>\n        <\/div>\n<\/div>\n<\/div>\n<div>\n","protected":false},"excerpt":{"rendered":"<p>Cr\u00e9ationde Site Web Site web, blog, portail, landing page avec administration pour actualiser vos textes et images quand vous le souhaitez Plus de d\u00e9tails D\u00e9veloppementE-Commerce Produits illimit\u00e9s et payement en ligne avec administration pour actualiser vos produits, textes et images quand vous le souhaitez Plus de d\u00e9tails H\u00e9bergementde Site Web E-mails corporatifs et bases de [&hellip;]<\/p>\n","protected":false},"author":2,"featured_media":0,"parent":0,"menu_order":0,"comment_status":"closed","ping_status":"closed","template":"","meta":{"_acf_changed":false,"footnotes":""},"class_list":["post-2073","page","type-page","status-publish","hentry"],"acf":[],"yoast_head":"<!-- This site is optimized with the Yoast SEO plugin v27.4 - https:\/\/yoast.com\/product\/yoast-seo-wordpress\/ -->\n<title>Cr\u00e9ation et h\u00e9bergement site web, blog, e-commerce et P.A.O.<\/title>\n<meta name=\"description\" content=\"D\u00e9veloppement de site web, blog, portail et boutique enligne, cr\u00e9ation de logo-marque, carte de visite, papier ent\u00eate, flyer, d\u00e9pliant, affiche et revue\" \/>\n<meta name=\"robots\" content=\"index, follow, max-snippet:-1, max-image-preview:large, max-video-preview:-1\" \/>\n<link rel=\"canonical\" href=\"https:\/\/webdesignalafrancaise.com.br\/fr\/services\/\" \/>\n<meta property=\"og:locale\" content=\"fr_FR\" \/>\n<meta property=\"og:type\" content=\"article\" \/>\n<meta property=\"og:title\" content=\"Cr\u00e9ation et h\u00e9bergement site web, blog, e-commerce et P.A.O.\" \/>\n<meta property=\"og:description\" content=\"D\u00e9veloppement de site web, blog, portail et boutique enligne, cr\u00e9ation de logo-marque, carte de visite, papier ent\u00eate, flyer, d\u00e9pliant, affiche et revue\" \/>\n<meta property=\"og:url\" content=\"https:\/\/webdesignalafrancaise.com.br\/fr\/services\/\" \/>\n<meta property=\"og:site_name\" content=\"Webdesign \u00e0 la fran\u00e7aise\" \/>\n<meta property=\"article:publisher\" content=\"https:\/\/www.facebook.com\/webdesignALaFrancaise\/\" \/>\n<meta property=\"article:modified_time\" content=\"2017-10-20T18:26:36+00:00\" \/>\n<meta property=\"og:image\" content=\"https:\/\/webdesignalafrancaise.com.br\/wp-content\/uploads\/2017\/05\/icone-plano-site-institucional.png\" \/>\n<meta name=\"twitter:card\" content=\"summary_large_image\" \/>\n<script type=\"application\/ld+json\" class=\"yoast-schema-graph\">{\"@context\":\"https:\\\/\\\/schema.org\",\"@graph\":[{\"@type\":\"WebPage\",\"@id\":\"https:\\\/\\\/webdesignalafrancaise.com.br\\\/fr\\\/services\\\/\",\"url\":\"https:\\\/\\\/webdesignalafrancaise.com.br\\\/fr\\\/services\\\/\",\"name\":\"Cr\u00e9ation et h\u00e9bergement site web, blog, e-commerce et P.A.O.\",\"isPartOf\":{\"@id\":\"https:\\\/\\\/webdesignalafrancaise.com.br\\\/fr\\\/#website\"},\"primaryImageOfPage\":{\"@id\":\"https:\\\/\\\/webdesignalafrancaise.com.br\\\/fr\\\/services\\\/#primaryimage\"},\"image\":{\"@id\":\"https:\\\/\\\/webdesignalafrancaise.com.br\\\/fr\\\/services\\\/#primaryimage\"},\"thumbnailUrl\":\"https:\\\/\\\/webdesignalafrancaise.com.br\\\/wp-content\\\/uploads\\\/2017\\\/05\\\/icone-plano-site-institucional.png\",\"datePublished\":\"2017-10-04T20:37:48+00:00\",\"dateModified\":\"2017-10-20T18:26:36+00:00\",\"description\":\"D\u00e9veloppement de site web, blog, portail et boutique enligne, cr\u00e9ation de logo-marque, carte de visite, papier ent\u00eate, flyer, d\u00e9pliant, affiche et revue\",\"breadcrumb\":{\"@id\":\"https:\\\/\\\/webdesignalafrancaise.com.br\\\/fr\\\/services\\\/#breadcrumb\"},\"inLanguage\":\"fr-FR\",\"potentialAction\":[{\"@type\":\"ReadAction\",\"target\":[\"https:\\\/\\\/webdesignalafrancaise.com.br\\\/fr\\\/services\\\/\"]}]},{\"@type\":\"ImageObject\",\"inLanguage\":\"fr-FR\",\"@id\":\"https:\\\/\\\/webdesignalafrancaise.com.br\\\/fr\\\/services\\\/#primaryimage\",\"url\":\"https:\\\/\\\/webdesignalafrancaise.com.br\\\/wp-content\\\/uploads\\\/2017\\\/05\\\/icone-plano-site-institucional.png\",\"contentUrl\":\"https:\\\/\\\/webdesignalafrancaise.com.br\\\/wp-content\\\/uploads\\\/2017\\\/05\\\/icone-plano-site-institucional.png\"},{\"@type\":\"BreadcrumbList\",\"@id\":\"https:\\\/\\\/webdesignalafrancaise.com.br\\\/fr\\\/services\\\/#breadcrumb\",\"itemListElement\":[{\"@type\":\"ListItem\",\"position\":1,\"name\":\"In\u00edcio\",\"item\":\"https:\\\/\\\/webdesignalafrancaise.com.br\\\/fr\\\/\"},{\"@type\":\"ListItem\",\"position\":2,\"name\":\"Services\"}]},{\"@type\":\"WebSite\",\"@id\":\"https:\\\/\\\/webdesignalafrancaise.com.br\\\/fr\\\/#website\",\"url\":\"https:\\\/\\\/webdesignalafrancaise.com.br\\\/fr\\\/\",\"name\":\"Webdesign \u00e0 la fran\u00e7aise\",\"description\":\"Cr\u00e9ation site web et P.A.O.\",\"publisher\":{\"@id\":\"https:\\\/\\\/webdesignalafrancaise.com.br\\\/fr\\\/#organization\"},\"potentialAction\":[{\"@type\":\"SearchAction\",\"target\":{\"@type\":\"EntryPoint\",\"urlTemplate\":\"https:\\\/\\\/webdesignalafrancaise.com.br\\\/fr\\\/?s={search_term_string}\"},\"query-input\":{\"@type\":\"PropertyValueSpecification\",\"valueRequired\":true,\"valueName\":\"search_term_string\"}}],\"inLanguage\":\"fr-FR\"},{\"@type\":\"Organization\",\"@id\":\"https:\\\/\\\/webdesignalafrancaise.com.br\\\/fr\\\/#organization\",\"name\":\"Webdesign \u00e0 la fran\u00e7aise\",\"url\":\"https:\\\/\\\/webdesignalafrancaise.com.br\\\/fr\\\/\",\"logo\":{\"@type\":\"ImageObject\",\"inLanguage\":\"fr-FR\",\"@id\":\"https:\\\/\\\/webdesignalafrancaise.com.br\\\/fr\\\/#\\\/schema\\\/logo\\\/image\\\/\",\"url\":\"https:\\\/\\\/webdesignalafrancaise.com.br\\\/wp-content\\\/uploads\\\/2016\\\/06\\\/logo-webdesign-\u00e0-la-fran\u00e7aise-2016.png\",\"contentUrl\":\"https:\\\/\\\/webdesignalafrancaise.com.br\\\/wp-content\\\/uploads\\\/2016\\\/06\\\/logo-webdesign-\u00e0-la-fran\u00e7aise-2016.png\",\"width\":434,\"height\":434,\"caption\":\"Webdesign \u00e0 la fran\u00e7aise\"},\"image\":{\"@id\":\"https:\\\/\\\/webdesignalafrancaise.com.br\\\/fr\\\/#\\\/schema\\\/logo\\\/image\\\/\"},\"sameAs\":[\"https:\\\/\\\/www.facebook.com\\\/webdesignALaFrancaise\\\/\",\"https:\\\/\\\/www.linkedin.com\\\/company\\\/webdesign-\u00e0-la-fran\u00e7aise\\\/\",\"https:\\\/\\\/www.linkedin.com\\\/company\\\/webdesign-\u00e0-la-fran\u00e7aise\"]}]}<\/script>\n<!-- \/ Yoast SEO plugin. -->","yoast_head_json":{"title":"Cr\u00e9ation et h\u00e9bergement site web, blog, e-commerce et P.A.O.","description":"D\u00e9veloppement de site web, blog, portail et boutique enligne, cr\u00e9ation de logo-marque, carte de visite, papier ent\u00eate, flyer, d\u00e9pliant, affiche et revue","robots":{"index":"index","follow":"follow","max-snippet":"max-snippet:-1","max-image-preview":"max-image-preview:large","max-video-preview":"max-video-preview:-1"},"canonical":"https:\/\/webdesignalafrancaise.com.br\/fr\/services\/","og_locale":"fr_FR","og_type":"article","og_title":"Cr\u00e9ation et h\u00e9bergement site web, blog, e-commerce et P.A.O.","og_description":"D\u00e9veloppement de site web, blog, portail et boutique enligne, cr\u00e9ation de logo-marque, carte de visite, papier ent\u00eate, flyer, d\u00e9pliant, affiche et revue","og_url":"https:\/\/webdesignalafrancaise.com.br\/fr\/services\/","og_site_name":"Webdesign \u00e0 la fran\u00e7aise","article_publisher":"https:\/\/www.facebook.com\/webdesignALaFrancaise\/","article_modified_time":"2017-10-20T18:26:36+00:00","og_image":[{"url":"https:\/\/webdesignalafrancaise.com.br\/wp-content\/uploads\/2017\/05\/icone-plano-site-institucional.png","type":"","width":"","height":""}],"twitter_card":"summary_large_image","schema":{"@context":"https:\/\/schema.org","@graph":[{"@type":"WebPage","@id":"https:\/\/webdesignalafrancaise.com.br\/fr\/services\/","url":"https:\/\/webdesignalafrancaise.com.br\/fr\/services\/","name":"Cr\u00e9ation et h\u00e9bergement site web, blog, e-commerce et P.A.O.","isPartOf":{"@id":"https:\/\/webdesignalafrancaise.com.br\/fr\/#website"},"primaryImageOfPage":{"@id":"https:\/\/webdesignalafrancaise.com.br\/fr\/services\/#primaryimage"},"image":{"@id":"https:\/\/webdesignalafrancaise.com.br\/fr\/services\/#primaryimage"},"thumbnailUrl":"https:\/\/webdesignalafrancaise.com.br\/wp-content\/uploads\/2017\/05\/icone-plano-site-institucional.png","datePublished":"2017-10-04T20:37:48+00:00","dateModified":"2017-10-20T18:26:36+00:00","description":"D\u00e9veloppement de site web, blog, portail et boutique enligne, cr\u00e9ation de logo-marque, carte de visite, papier ent\u00eate, flyer, d\u00e9pliant, affiche et revue","breadcrumb":{"@id":"https:\/\/webdesignalafrancaise.com.br\/fr\/services\/#breadcrumb"},"inLanguage":"fr-FR","potentialAction":[{"@type":"ReadAction","target":["https:\/\/webdesignalafrancaise.com.br\/fr\/services\/"]}]},{"@type":"ImageObject","inLanguage":"fr-FR","@id":"https:\/\/webdesignalafrancaise.com.br\/fr\/services\/#primaryimage","url":"https:\/\/webdesignalafrancaise.com.br\/wp-content\/uploads\/2017\/05\/icone-plano-site-institucional.png","contentUrl":"https:\/\/webdesignalafrancaise.com.br\/wp-content\/uploads\/2017\/05\/icone-plano-site-institucional.png"},{"@type":"BreadcrumbList","@id":"https:\/\/webdesignalafrancaise.com.br\/fr\/services\/#breadcrumb","itemListElement":[{"@type":"ListItem","position":1,"name":"In\u00edcio","item":"https:\/\/webdesignalafrancaise.com.br\/fr\/"},{"@type":"ListItem","position":2,"name":"Services"}]},{"@type":"WebSite","@id":"https:\/\/webdesignalafrancaise.com.br\/fr\/#website","url":"https:\/\/webdesignalafrancaise.com.br\/fr\/","name":"Webdesign \u00e0 la fran\u00e7aise","description":"Cr\u00e9ation site web et P.A.O.","publisher":{"@id":"https:\/\/webdesignalafrancaise.com.br\/fr\/#organization"},"potentialAction":[{"@type":"SearchAction","target":{"@type":"EntryPoint","urlTemplate":"https:\/\/webdesignalafrancaise.com.br\/fr\/?s={search_term_string}"},"query-input":{"@type":"PropertyValueSpecification","valueRequired":true,"valueName":"search_term_string"}}],"inLanguage":"fr-FR"},{"@type":"Organization","@id":"https:\/\/webdesignalafrancaise.com.br\/fr\/#organization","name":"Webdesign \u00e0 la fran\u00e7aise","url":"https:\/\/webdesignalafrancaise.com.br\/fr\/","logo":{"@type":"ImageObject","inLanguage":"fr-FR","@id":"https:\/\/webdesignalafrancaise.com.br\/fr\/#\/schema\/logo\/image\/","url":"https:\/\/webdesignalafrancaise.com.br\/wp-content\/uploads\/2016\/06\/logo-webdesign-\u00e0-la-fran\u00e7aise-2016.png","contentUrl":"https:\/\/webdesignalafrancaise.com.br\/wp-content\/uploads\/2016\/06\/logo-webdesign-\u00e0-la-fran\u00e7aise-2016.png","width":434,"height":434,"caption":"Webdesign \u00e0 la fran\u00e7aise"},"image":{"@id":"https:\/\/webdesignalafrancaise.com.br\/fr\/#\/schema\/logo\/image\/"},"sameAs":["https:\/\/www.facebook.com\/webdesignALaFrancaise\/","https:\/\/www.linkedin.com\/company\/webdesign-\u00e0-la-fran\u00e7aise\/","https:\/\/www.linkedin.com\/company\/webdesign-\u00e0-la-fran\u00e7aise"]}]}},"jetpack_sharing_enabled":true,"_links":{"self":[{"href":"https:\/\/webdesignalafrancaise.com.br\/fr\/wp-json\/wp\/v2\/pages\/2073","targetHints":{"allow":["GET"]}}],"collection":[{"href":"https:\/\/webdesignalafrancaise.com.br\/fr\/wp-json\/wp\/v2\/pages"}],"about":[{"href":"https:\/\/webdesignalafrancaise.com.br\/fr\/wp-json\/wp\/v2\/types\/page"}],"author":[{"embeddable":true,"href":"https:\/\/webdesignalafrancaise.com.br\/fr\/wp-json\/wp\/v2\/users\/2"}],"replies":[{"embeddable":true,"href":"https:\/\/webdesignalafrancaise.com.br\/fr\/wp-json\/wp\/v2\/comments?post=2073"}],"version-history":[{"count":0,"href":"https:\/\/webdesignalafrancaise.com.br\/fr\/wp-json\/wp\/v2\/pages\/2073\/revisions"}],"wp:attachment":[{"href":"https:\/\/webdesignalafrancaise.com.br\/fr\/wp-json\/wp\/v2\/media?parent=2073"}],"curies":[{"name":"wp","href":"https:\/\/api.w.org\/{rel}","templated":true}]}}