{"id":2090,"date":"2017-10-10T15:28:16","date_gmt":"2017-10-10T18:28:16","guid":{"rendered":"https:\/\/webdesignalafrancaise.com.br\/services\/hospedagem\/"},"modified":"2018-05-30T08:23:18","modified_gmt":"2018-05-30T11:23:18","slug":"hebergement","status":"publish","type":"page","link":"https:\/\/webdesignalafrancaise.com.br\/fr\/services\/hebergement\/","title":{"rendered":"H\u00e9bergement"},"content":{"rendered":"<div class='row'>\n<div class='col-md-6 col-md-offset-3'>\n<div class=\"btn-group text-center\" role=\"group\" aria-label=\"button group\"><a class=\"btn btn-default\" href=\"https:\/\/webdesignalafrancaise.com.br\/fr\/services\/site-web\/\">SITE WEB<\/a><a class=\"btn btn-default\" href=\"https:\/\/webdesignalafrancaise.com.br\/fr\/services\/e-commerce\/\">E-COMMERCE<\/a><a class=\"btn btn-default active\">H\u00c9BERGEMENT<\/a><a class=\"btn btn-default\" href=\"https:\/\/webdesignalafrancaise.com.br\/fr\/services\/pao\/\">P.A.O.<\/a><\/div>\n<\/div>\n<\/div>\n<div class=\"row\">\n<div class=\"col-md-offset-2 col-md-4 col-sm-6 animation-element fadeInUp\">\n<div class=\"pricing-table pack4\">\n<h3 class=\"title-princing\">H\u00e9bergement 5 GB<\/h3>\n<div class=\"price-total\">\n                <img decoding=\"async\" src=\"https:\/\/webdesignalafrancaise.com.br\/wp-content\/uploads\/2017\/05\/icone-plano-hospedagem5GB.png\" alt=\"h\u00e9bergement site web pas cher\" \/><br \/>\n                A PARTIR DE<span class=\"big-price\">R$15\/MOIS<\/span>Parfait pour site intitutionnel\n            <\/div>\n<ul>\n<li>5 GB d&rsquo;espace disque<\/li>\n<li class=\"bg\">Nom de domaine \u00e0 partir de R$40\/Ano<\/li>\n<li>E-mails illimit\u00e9s<\/li>\n<li class=\"big-link\"><a href=\"https:\/\/webdesignalafrancaise.com.br\/area-do-cliente\/cart.php?a=add&amp;pid=1\" target=\"_blank\">Commander<\/a><\/li>\n<\/ul><\/div>\n<\/p><\/div>\n<div class=\"col-md-4 col-sm-6 animation-element fadeInUp\">\n<div class=\"pricing-table pack5\">\n<h3 class=\"title-princing\">H\u00e9bergement 10 GB<\/h3>\n<div class=\"price-total\">\n                <img decoding=\"async\" src=\"https:\/\/webdesignalafrancaise.com.br\/wp-content\/uploads\/2017\/05\/icone-plano-hospedagem-10GB.png\" alt=\"h\u00e9bergement site web pas cher\" \/><br \/>\n                A PARTIR DE<span class=\"big-price\">R$25\/MOIS<\/span>Recomend\u00e9 pour e-commerce et portail\n            <\/div>\n<ul>\n<li>10 GB d&rsquo;espace disque<\/li>\n<li class=\"bg\">Nom de domaine \u00e0 partir de R$40\/Ano<\/li>\n<li>E-mails illimit\u00e9s<\/li>\n<li class=\"big-link\"><a href=\"https:\/\/webdesignalafrancaise.com.br\/area-do-cliente\/cart.php?a=add&amp;pid=3\" target=\"_blank\">Commander<\/a><\/li>\n<\/ul><\/div>\n<\/p><\/div>\n<\/div>\n<h2 class='text-center'>Caract\u00e9ristiques techniques<\/h2>\n<div class=\"row\">\n<div class=\"col-sm-6 animation-element fadeInLeft\">\n<h4><i class=\"fa fa-server green pull-left\" aria-hidden=\"true\"><\/i> Ressources des Plans d&rsquo;H\u00e9bergement de Site<\/h4>\n<ul>\n<li><strong>Migration GRATUITE de votre Website<\/strong> par notre \u00e9quipe (Entrez en contact pour plus de d\u00e9tails via le formulaire  plus bas)<\/li>\n<li><strong>Grande<\/strong>\u00a0Capacit\u00e9 d&rsquo;espace disque<\/li>\n<li>Panneau de Contr\u00f4le <strong>Flexible et Facile d&rsquo;utilisation<\/strong><\/li>\n<li>Nom de domaine, Contes FTP et E-mail\u00a0<strong>Ilimitat\u00e9s<\/strong><\/li>\n<li>Garantie de disponibilit\u00e9\u00a0<strong>99,9%<\/strong><\/li>\n<\/ul><\/div>\n<div class=\"col-sm-6 animation-element fadeInRight\">\n<h4><i class=\"fa fa-cogs orange pull-left\" aria-hidden=\"true\"><\/i> Ressources du Panneau de Contr\u00f4le cPanel<\/h4>\n<ul>\n<li>Panneau de Contr\u00f4le <strong>cPanel<\/strong> vertion 60.0.48 ou sup\u00e9rieur <a href=\"https:\/\/demo.cpanel.net:2083\/login\/?user=democom&#038;pass=DemoCoA5620&#038;locale=fr_FR\" target=\"_blank\">(Voir d\u00e9monstration)<\/a><\/li>\n<li><strong>Installateur automatique<\/strong>: Applications pour e-commerce, Blogs, Portais, Forums, Formulaires e autres<\/li>\n<li><strong>Statistiques de Website<\/strong>: AWStats, Webalizer, Logs d&rsquo;Access et Logs d&rsquo;erreur<\/li>\n<li>Protection de Dossier avec Mot de Passe et Pages d&rsquo;erreurs Personnalis\u00e9es<\/li>\n<li>Gestionnaire de fichiers, Protection Hotlink, Bloquer d&rsquo;adresse IP, redirection de URL<\/li>\n<\/ul><\/div>\n<\/div>\n<div class=\"row\">\n<div class=\"col-sm-6 animation-element fadeInLeft\">\n<h4><i class=\"fa fa-envelope red pull-left\" aria-hidden=\"true\"><\/i> Ressources des E-mails<\/h4>\n<ul>\n<li>Num\u00e9ro <strong>Illimit\u00e9<\/strong> de Contes E-mail POP3 e IMAP<\/li>\n<li>Acc\u00e8s <strong>WebMail<\/strong> avec: Horde, SquirrelMail, RoundCube<\/li>\n<li>R\u00e9ception d&rsquo;e-mail sur votre <strong>t\u00e9l\u00e9phone<\/strong> via IMAP e POP3<\/li>\n<li><strong>Protection anti-SPAM<\/strong> avec CloudMark et SpamAssassin<\/li>\n<li>Num\u00e9ro <strong>Illimit\u00e9<\/strong> de R\u00e9ponse automatique e Redirecteur de E-mail<\/li>\n<\/ul><\/div>\n<div class=\"col-sm-6 animation-element fadeInRight\">\n<h4><i class=\"fa fa-database blue pull-left\" aria-hidden=\"true\"><\/i> Ressources de Programmation et Bases de donn\u00e9s<\/h4>\n<ul>\n<li><strong>Num\u00e9ro Illimit\u00e9<\/strong> de Bases de Donn\u00e9s MySQL avec acc\u00e8s au phpMyAdmin<\/li>\n<li><strong>Langages de Programmation<\/strong>: CGI, Fast CGI, PHP 5.6+, Ruby (on Rails), Perl, Python<\/li>\n<li><strong>Modules de Programmation<\/strong>: Curl, CPAN, Biblioteca GD, ImageMagick<\/li>\n<li><strong>Gestionnaire de System<\/strong>:  Acc\u00e8s SSH et Planning d\u2019ex\u00e9cution de T\u00e2ches Cron<\/li>\n<\/ul><\/div>\n<\/div>\n<\/div>\n<\/div>\n<\/div>\n<div class=\"form-service\">\n<div class=\"container\">\n<h2 class=\"text-center\">Vous avez aim\u00e9?<\/h2>\n<h5 class=\"text-center\">Entrez en contact avec nous <a href=\"mailto:design@walf.com.br\"> <i class=\"fa fa-envelope\" aria-hidden=\"true\"><\/i> design@walf.com.fr<\/a> &#8211; <a href=\"tel:+5571985119978\"><i class=\"fa fa-whatsapp\" aria-hidden=\"true\"><\/i> +55 (71) 9 8511-9978<\/a><br \/>\nou remplissez notre formulaire de demande de devis<\/h5>\n\n<div class=\"wpcf7 no-js\" id=\"wpcf7-f2060-o1\" lang=\"pt-BR\" dir=\"ltr\" data-wpcf7-id=\"2060\">\n<div class=\"screen-reader-response\"><p role=\"status\" aria-live=\"polite\" aria-atomic=\"true\"><\/p> <ul><\/ul><\/div>\n<form action=\"\/fr\/wp-json\/wp\/v2\/pages\/2090#wpcf7-f2060-o1\" method=\"post\" class=\"wpcf7-form init\" aria-label=\"Formul\u00e1rios de contato\" novalidate=\"novalidate\" data-status=\"init\">\n<fieldset class=\"hidden-fields-container\"><input type=\"hidden\" name=\"_wpcf7\" value=\"2060\" \/><input type=\"hidden\" name=\"_wpcf7_version\" value=\"6.1.5\" \/><input type=\"hidden\" name=\"_wpcf7_locale\" value=\"pt_BR\" \/><input type=\"hidden\" name=\"_wpcf7_unit_tag\" value=\"wpcf7-f2060-o1\" \/><input type=\"hidden\" name=\"_wpcf7_container_post\" value=\"0\" \/><input type=\"hidden\" name=\"_wpcf7_posted_data_hash\" value=\"\" \/><input type=\"hidden\" name=\"_wpcf7_recaptcha_response\" value=\"\" \/>\n<\/fieldset>\n<div class=\"row form-group\">\n\t<div class=\"col-sm-6\">\n\t\t<p><label>Nom complet*<\/label><span class=\"wpcf7-form-control-wrap\" data-name=\"text-285\"><input size=\"40\" maxlength=\"400\" class=\"wpcf7-form-control wpcf7-text wpcf7-validates-as-required form-control\" aria-required=\"true\" aria-invalid=\"false\" placeholder=\"Votre nom\" value=\"\" type=\"text\" name=\"text-285\" \/><\/span>\n\t\t<\/p>\n\t<\/div>\n\t<div class=\"col-sm-6\">\n\t\t<p><label>Votre e-mail*<\/label><span class=\"wpcf7-form-control-wrap\" data-name=\"email-521\"><input size=\"40\" maxlength=\"400\" class=\"wpcf7-form-control wpcf7-email wpcf7-validates-as-required wpcf7-text wpcf7-validates-as-email form-control\" aria-required=\"true\" aria-invalid=\"false\" placeholder=\"Ex: nome@domaine.com\" value=\"\" type=\"email\" name=\"email-521\" \/><\/span>\n\t\t<\/p>\n\t<\/div>\n<\/div>\n<div class=\"row form-group\">\n\t<div class=\"col-sm-6\">\n\t\t<p><label>Votre t\u00e9l\u00e9phone*<\/label><span class=\"wpcf7-form-control-wrap\" data-name=\"tel-936\"><input size=\"40\" maxlength=\"400\" class=\"wpcf7-form-control wpcf7-tel wpcf7-validates-as-required wpcf7-text wpcf7-validates-as-tel form-control\" aria-required=\"true\" aria-invalid=\"false\" placeholder=\"Ex: 00 00 00 00 00\" value=\"\" type=\"tel\" name=\"tel-936\" \/><\/span>\n\t\t<\/p>\n\t<\/div>\n\t<div class=\"col-sm-6\">\n\t\t<p><label>Type de service*<\/label><span class=\"wpcf7-form-control-wrap\" data-name=\"servicos\"><select class=\"wpcf7-form-control wpcf7-select wpcf7-validates-as-required form-control\" aria-required=\"true\" aria-invalid=\"false\" name=\"servicos\"><option value=\"\">&#8212;Escolha uma op\u00e7\u00e3o&#8212;<\/option><option value=\"Site web\">Site web<\/option><option value=\"E-commerce\">E-commerce<\/option><option value=\"H\u00e9bergement\">H\u00e9bergement<\/option><option value=\"P.A.O.\">P.A.O.<\/option><option value=\"Autre\">Autre<\/option><\/select><\/span>\n\t\t<\/p>\n\t<\/div>\n<\/div>\n<div class=\"row form-group\">\n\t<div class=\"col-md-12\">\n\t\t<p><label>Message<\/label><span class=\"wpcf7-form-control-wrap\" data-name=\"textarea-113\"><textarea cols=\"40\" rows=\"10\" maxlength=\"2000\" class=\"wpcf7-form-control wpcf7-textarea form-control\" aria-invalid=\"false\" placeholder=\"Dites-nous en un peu plus sur votre projet\" name=\"textarea-113\"><\/textarea><\/span>\n\t\t<\/p>\n\t<\/div>\n<\/div>\n<div class=\"row form-group pt30\">\n\t<div class=\"col-md-4 col-md-offset-2 text-right col-sm-6\">\n\t\t<p>Comment avez-vous connue notre entreprise?*\n\t\t<\/p>\n\t<\/div>\n\t<div class=\"col-md-4 col-sm-6\">\n\t\t<p><span class=\"wpcf7-form-control-wrap\" data-name=\"menu-786\"><select class=\"wpcf7-form-control wpcf7-select wpcf7-validates-as-required form-control\" aria-required=\"true\" aria-invalid=\"false\" name=\"menu-786\"><option value=\"\">&#8212;Escolha uma op\u00e7\u00e3o&#8212;<\/option><option value=\"Bouche \u00e0 oreille\">Bouche \u00e0 oreille<\/option><option value=\"Flyer\/Carte de visite\">Flyer\/Carte de visite<\/option><option value=\"Recherche internet\">Recherche internet<\/option><option value=\"R\u00e9seaux sociaux\">R\u00e9seaux sociaux<\/option><\/select><\/span>\n\t\t<\/p>\n\t<\/div>\n<\/div>\n<div class=\"row form-group\">\n\t<div class=\"col-md-4 col-sm-6\">\n\t\n\t<\/div>\n\t<div class=\"col-md-4 col-md-offset-4 col-sm-6\">\n\t\t<p><input class=\"wpcf7-form-control wpcf7-submit has-spinner btn-form\" type=\"submit\" value=\"Envoyer\" \/>\n\t\t<\/p>\n\t<\/div>\n<\/div><div class=\"wpcf7-response-output\" aria-hidden=\"true\"><\/div>\n<\/form>\n<\/div>\n\n<div>\n","protected":false},"excerpt":{"rendered":"<p>SITE WEBE-COMMERCEH\u00c9BERGEMENTP.A.O. H\u00e9bergement 5 GB A PARTIR DER$15\/MOISParfait pour site intitutionnel 5 GB d&rsquo;espace disque Nom de domaine \u00e0 partir de R$40\/Ano E-mails illimit\u00e9s Commander H\u00e9bergement 10 GB A PARTIR DER$25\/MOISRecomend\u00e9 pour e-commerce et portail 10 GB d&rsquo;espace disque Nom de domaine \u00e0 partir de R$40\/Ano E-mails illimit\u00e9s Commander Caract\u00e9ristiques techniques Ressources des Plans d&rsquo;H\u00e9bergement [&hellip;]<\/p>\n","protected":false},"author":2,"featured_media":0,"parent":2073,"menu_order":0,"comment_status":"closed","ping_status":"closed","template":"","meta":{"_acf_changed":false,"footnotes":""},"class_list":["post-2090","page","type-page","status-publish","hentry"],"acf":[],"yoast_head":"<!-- This site is optimized with the Yoast SEO plugin v27.5 - https:\/\/yoast.com\/product\/yoast-seo-wordpress\/ -->\n<title>H\u00e9bergement de site e e-mails corporatifs illimit\u00e9s pas cher<\/title>\n<meta name=\"description\" content=\"Plans d&#039;h\u00e9bergement Linux pour site web, blog, portail et e-commerce avec E-mails et bases de donn\u00e9s illimit\u00e9s a partir de R$10\/mois\" \/>\n<meta name=\"robots\" content=\"index, follow, max-snippet:-1, max-image-preview:large, max-video-preview:-1\" \/>\n<link rel=\"canonical\" href=\"https:\/\/webdesignalafrancaise.com.br\/fr\/services\/hebergement\/\" \/>\n<meta property=\"og:locale\" content=\"fr_FR\" \/>\n<meta property=\"og:type\" content=\"article\" \/>\n<meta property=\"og:title\" content=\"H\u00e9bergement de site e e-mails corporatifs illimit\u00e9s pas cher\" \/>\n<meta property=\"og:description\" content=\"Plans d&#039;h\u00e9bergement Linux pour site web, blog, portail et e-commerce avec E-mails et bases de donn\u00e9s illimit\u00e9s a partir de R$10\/mois\" \/>\n<meta property=\"og:url\" content=\"https:\/\/webdesignalafrancaise.com.br\/fr\/services\/hebergement\/\" \/>\n<meta property=\"og:site_name\" content=\"Webdesign \u00e0 la fran\u00e7aise\" \/>\n<meta property=\"article:publisher\" content=\"https:\/\/www.facebook.com\/webdesignALaFrancaise\/\" \/>\n<meta property=\"article:modified_time\" content=\"2018-05-30T11:23:18+00:00\" \/>\n<meta property=\"og:image\" content=\"https:\/\/webdesignalafrancaise.com.br\/wp-content\/uploads\/2017\/05\/icone-plano-hospedagem5GB.png\" \/>\n<meta name=\"twitter:card\" content=\"summary_large_image\" \/>\n<meta name=\"twitter:label1\" content=\"Dur\u00e9e de lecture estim\u00e9e\" \/>\n\t<meta name=\"twitter:data1\" content=\"2 minutes\" \/>\n<script type=\"application\/ld+json\" class=\"yoast-schema-graph\">{\"@context\":\"https:\\\/\\\/schema.org\",\"@graph\":[{\"@type\":\"WebPage\",\"@id\":\"https:\\\/\\\/webdesignalafrancaise.com.br\\\/fr\\\/services\\\/hebergement\\\/\",\"url\":\"https:\\\/\\\/webdesignalafrancaise.com.br\\\/fr\\\/services\\\/hebergement\\\/\",\"name\":\"H\u00e9bergement de site e e-mails corporatifs illimit\u00e9s pas cher\",\"isPartOf\":{\"@id\":\"https:\\\/\\\/webdesignalafrancaise.com.br\\\/fr\\\/#website\"},\"primaryImageOfPage\":{\"@id\":\"https:\\\/\\\/webdesignalafrancaise.com.br\\\/fr\\\/services\\\/hebergement\\\/#primaryimage\"},\"image\":{\"@id\":\"https:\\\/\\\/webdesignalafrancaise.com.br\\\/fr\\\/services\\\/hebergement\\\/#primaryimage\"},\"thumbnailUrl\":\"https:\\\/\\\/webdesignalafrancaise.com.br\\\/wp-content\\\/uploads\\\/2017\\\/05\\\/icone-plano-hospedagem5GB.png\",\"datePublished\":\"2017-10-10T18:28:16+00:00\",\"dateModified\":\"2018-05-30T11:23:18+00:00\",\"description\":\"Plans d'h\u00e9bergement Linux pour site web, blog, portail et e-commerce avec E-mails et bases de donn\u00e9s illimit\u00e9s a partir de R$10\\\/mois\",\"breadcrumb\":{\"@id\":\"https:\\\/\\\/webdesignalafrancaise.com.br\\\/fr\\\/services\\\/hebergement\\\/#breadcrumb\"},\"inLanguage\":\"fr-FR\",\"potentialAction\":[{\"@type\":\"ReadAction\",\"target\":[\"https:\\\/\\\/webdesignalafrancaise.com.br\\\/fr\\\/services\\\/hebergement\\\/\"]}]},{\"@type\":\"ImageObject\",\"inLanguage\":\"fr-FR\",\"@id\":\"https:\\\/\\\/webdesignalafrancaise.com.br\\\/fr\\\/services\\\/hebergement\\\/#primaryimage\",\"url\":\"https:\\\/\\\/webdesignalafrancaise.com.br\\\/wp-content\\\/uploads\\\/2017\\\/05\\\/icone-plano-hospedagem5GB.png\",\"contentUrl\":\"https:\\\/\\\/webdesignalafrancaise.com.br\\\/wp-content\\\/uploads\\\/2017\\\/05\\\/icone-plano-hospedagem5GB.png\"},{\"@type\":\"BreadcrumbList\",\"@id\":\"https:\\\/\\\/webdesignalafrancaise.com.br\\\/fr\\\/services\\\/hebergement\\\/#breadcrumb\",\"itemListElement\":[{\"@type\":\"ListItem\",\"position\":1,\"name\":\"In\u00edcio\",\"item\":\"https:\\\/\\\/webdesignalafrancaise.com.br\\\/fr\\\/\"},{\"@type\":\"ListItem\",\"position\":2,\"name\":\"Services\",\"item\":\"https:\\\/\\\/webdesignalafrancaise.com.br\\\/fr\\\/services\\\/\"},{\"@type\":\"ListItem\",\"position\":3,\"name\":\"H\u00e9bergement\"}]},{\"@type\":\"WebSite\",\"@id\":\"https:\\\/\\\/webdesignalafrancaise.com.br\\\/fr\\\/#website\",\"url\":\"https:\\\/\\\/webdesignalafrancaise.com.br\\\/fr\\\/\",\"name\":\"Webdesign \u00e0 la fran\u00e7aise\",\"description\":\"Cr\u00e9ation site web et P.A.O.\",\"publisher\":{\"@id\":\"https:\\\/\\\/webdesignalafrancaise.com.br\\\/fr\\\/#organization\"},\"potentialAction\":[{\"@type\":\"SearchAction\",\"target\":{\"@type\":\"EntryPoint\",\"urlTemplate\":\"https:\\\/\\\/webdesignalafrancaise.com.br\\\/fr\\\/?s={search_term_string}\"},\"query-input\":{\"@type\":\"PropertyValueSpecification\",\"valueRequired\":true,\"valueName\":\"search_term_string\"}}],\"inLanguage\":\"fr-FR\"},{\"@type\":\"Organization\",\"@id\":\"https:\\\/\\\/webdesignalafrancaise.com.br\\\/fr\\\/#organization\",\"name\":\"Webdesign \u00e0 la fran\u00e7aise\",\"url\":\"https:\\\/\\\/webdesignalafrancaise.com.br\\\/fr\\\/\",\"logo\":{\"@type\":\"ImageObject\",\"inLanguage\":\"fr-FR\",\"@id\":\"https:\\\/\\\/webdesignalafrancaise.com.br\\\/fr\\\/#\\\/schema\\\/logo\\\/image\\\/\",\"url\":\"https:\\\/\\\/webdesignalafrancaise.com.br\\\/wp-content\\\/uploads\\\/2016\\\/06\\\/logo-webdesign-\u00e0-la-fran\u00e7aise-2016.png\",\"contentUrl\":\"https:\\\/\\\/webdesignalafrancaise.com.br\\\/wp-content\\\/uploads\\\/2016\\\/06\\\/logo-webdesign-\u00e0-la-fran\u00e7aise-2016.png\",\"width\":434,\"height\":434,\"caption\":\"Webdesign \u00e0 la fran\u00e7aise\"},\"image\":{\"@id\":\"https:\\\/\\\/webdesignalafrancaise.com.br\\\/fr\\\/#\\\/schema\\\/logo\\\/image\\\/\"},\"sameAs\":[\"https:\\\/\\\/www.facebook.com\\\/webdesignALaFrancaise\\\/\",\"https:\\\/\\\/www.linkedin.com\\\/company\\\/webdesign-\u00e0-la-fran\u00e7aise\\\/\",\"https:\\\/\\\/www.linkedin.com\\\/company\\\/webdesign-\u00e0-la-fran\u00e7aise\"]}]}<\/script>\n<!-- \/ Yoast SEO plugin. -->","yoast_head_json":{"title":"H\u00e9bergement de site e e-mails corporatifs illimit\u00e9s pas cher","description":"Plans d'h\u00e9bergement Linux pour site web, blog, portail et e-commerce avec E-mails et bases de donn\u00e9s illimit\u00e9s a partir de R$10\/mois","robots":{"index":"index","follow":"follow","max-snippet":"max-snippet:-1","max-image-preview":"max-image-preview:large","max-video-preview":"max-video-preview:-1"},"canonical":"https:\/\/webdesignalafrancaise.com.br\/fr\/services\/hebergement\/","og_locale":"fr_FR","og_type":"article","og_title":"H\u00e9bergement de site e e-mails corporatifs illimit\u00e9s pas cher","og_description":"Plans d'h\u00e9bergement Linux pour site web, blog, portail et e-commerce avec E-mails et bases de donn\u00e9s illimit\u00e9s a partir de R$10\/mois","og_url":"https:\/\/webdesignalafrancaise.com.br\/fr\/services\/hebergement\/","og_site_name":"Webdesign \u00e0 la fran\u00e7aise","article_publisher":"https:\/\/www.facebook.com\/webdesignALaFrancaise\/","article_modified_time":"2018-05-30T11:23:18+00:00","og_image":[{"url":"https:\/\/webdesignalafrancaise.com.br\/wp-content\/uploads\/2017\/05\/icone-plano-hospedagem5GB.png","type":"","width":"","height":""}],"twitter_card":"summary_large_image","twitter_misc":{"Dur\u00e9e de lecture estim\u00e9e":"2 minutes"},"schema":{"@context":"https:\/\/schema.org","@graph":[{"@type":"WebPage","@id":"https:\/\/webdesignalafrancaise.com.br\/fr\/services\/hebergement\/","url":"https:\/\/webdesignalafrancaise.com.br\/fr\/services\/hebergement\/","name":"H\u00e9bergement de site e e-mails corporatifs illimit\u00e9s pas cher","isPartOf":{"@id":"https:\/\/webdesignalafrancaise.com.br\/fr\/#website"},"primaryImageOfPage":{"@id":"https:\/\/webdesignalafrancaise.com.br\/fr\/services\/hebergement\/#primaryimage"},"image":{"@id":"https:\/\/webdesignalafrancaise.com.br\/fr\/services\/hebergement\/#primaryimage"},"thumbnailUrl":"https:\/\/webdesignalafrancaise.com.br\/wp-content\/uploads\/2017\/05\/icone-plano-hospedagem5GB.png","datePublished":"2017-10-10T18:28:16+00:00","dateModified":"2018-05-30T11:23:18+00:00","description":"Plans d'h\u00e9bergement Linux pour site web, blog, portail et e-commerce avec E-mails et bases de donn\u00e9s illimit\u00e9s a partir de R$10\/mois","breadcrumb":{"@id":"https:\/\/webdesignalafrancaise.com.br\/fr\/services\/hebergement\/#breadcrumb"},"inLanguage":"fr-FR","potentialAction":[{"@type":"ReadAction","target":["https:\/\/webdesignalafrancaise.com.br\/fr\/services\/hebergement\/"]}]},{"@type":"ImageObject","inLanguage":"fr-FR","@id":"https:\/\/webdesignalafrancaise.com.br\/fr\/services\/hebergement\/#primaryimage","url":"https:\/\/webdesignalafrancaise.com.br\/wp-content\/uploads\/2017\/05\/icone-plano-hospedagem5GB.png","contentUrl":"https:\/\/webdesignalafrancaise.com.br\/wp-content\/uploads\/2017\/05\/icone-plano-hospedagem5GB.png"},{"@type":"BreadcrumbList","@id":"https:\/\/webdesignalafrancaise.com.br\/fr\/services\/hebergement\/#breadcrumb","itemListElement":[{"@type":"ListItem","position":1,"name":"In\u00edcio","item":"https:\/\/webdesignalafrancaise.com.br\/fr\/"},{"@type":"ListItem","position":2,"name":"Services","item":"https:\/\/webdesignalafrancaise.com.br\/fr\/services\/"},{"@type":"ListItem","position":3,"name":"H\u00e9bergement"}]},{"@type":"WebSite","@id":"https:\/\/webdesignalafrancaise.com.br\/fr\/#website","url":"https:\/\/webdesignalafrancaise.com.br\/fr\/","name":"Webdesign \u00e0 la fran\u00e7aise","description":"Cr\u00e9ation site web et P.A.O.","publisher":{"@id":"https:\/\/webdesignalafrancaise.com.br\/fr\/#organization"},"potentialAction":[{"@type":"SearchAction","target":{"@type":"EntryPoint","urlTemplate":"https:\/\/webdesignalafrancaise.com.br\/fr\/?s={search_term_string}"},"query-input":{"@type":"PropertyValueSpecification","valueRequired":true,"valueName":"search_term_string"}}],"inLanguage":"fr-FR"},{"@type":"Organization","@id":"https:\/\/webdesignalafrancaise.com.br\/fr\/#organization","name":"Webdesign \u00e0 la fran\u00e7aise","url":"https:\/\/webdesignalafrancaise.com.br\/fr\/","logo":{"@type":"ImageObject","inLanguage":"fr-FR","@id":"https:\/\/webdesignalafrancaise.com.br\/fr\/#\/schema\/logo\/image\/","url":"https:\/\/webdesignalafrancaise.com.br\/wp-content\/uploads\/2016\/06\/logo-webdesign-\u00e0-la-fran\u00e7aise-2016.png","contentUrl":"https:\/\/webdesignalafrancaise.com.br\/wp-content\/uploads\/2016\/06\/logo-webdesign-\u00e0-la-fran\u00e7aise-2016.png","width":434,"height":434,"caption":"Webdesign \u00e0 la fran\u00e7aise"},"image":{"@id":"https:\/\/webdesignalafrancaise.com.br\/fr\/#\/schema\/logo\/image\/"},"sameAs":["https:\/\/www.facebook.com\/webdesignALaFrancaise\/","https:\/\/www.linkedin.com\/company\/webdesign-\u00e0-la-fran\u00e7aise\/","https:\/\/www.linkedin.com\/company\/webdesign-\u00e0-la-fran\u00e7aise"]}]}},"jetpack_sharing_enabled":true,"_links":{"self":[{"href":"https:\/\/webdesignalafrancaise.com.br\/fr\/wp-json\/wp\/v2\/pages\/2090","targetHints":{"allow":["GET"]}}],"collection":[{"href":"https:\/\/webdesignalafrancaise.com.br\/fr\/wp-json\/wp\/v2\/pages"}],"about":[{"href":"https:\/\/webdesignalafrancaise.com.br\/fr\/wp-json\/wp\/v2\/types\/page"}],"author":[{"embeddable":true,"href":"https:\/\/webdesignalafrancaise.com.br\/fr\/wp-json\/wp\/v2\/users\/2"}],"replies":[{"embeddable":true,"href":"https:\/\/webdesignalafrancaise.com.br\/fr\/wp-json\/wp\/v2\/comments?post=2090"}],"version-history":[{"count":0,"href":"https:\/\/webdesignalafrancaise.com.br\/fr\/wp-json\/wp\/v2\/pages\/2090\/revisions"}],"up":[{"embeddable":true,"href":"https:\/\/webdesignalafrancaise.com.br\/fr\/wp-json\/wp\/v2\/pages\/2073"}],"wp:attachment":[{"href":"https:\/\/webdesignalafrancaise.com.br\/fr\/wp-json\/wp\/v2\/media?parent=2090"}],"curies":[{"name":"wp","href":"https:\/\/api.w.org\/{rel}","templated":true}]}}