{"id":2091,"date":"2017-10-09T11:54:51","date_gmt":"2017-10-09T14:54:51","guid":{"rendered":"https:\/\/webdesignalafrancaise.com.br\/services\/loja-virtual\/"},"modified":"2017-10-24T10:59:53","modified_gmt":"2017-10-24T13:59:53","slug":"e-commerce","status":"publish","type":"page","link":"https:\/\/webdesignalafrancaise.com.br\/fr\/services\/e-commerce\/","title":{"rendered":"E-Commerce"},"content":{"rendered":"<div class='row'>\n<div class='col-md-6 col-md-offset-3'>\n<div class=\"btn-group text-center\" role=\"group\" aria-label=\"button group\"><a class=\"btn btn-default\" href=\"https:\/\/webdesignalafrancaise.com.br\/fr\/services\/site-web\/\">SITE WEB<\/a><a class=\"btn btn-default active\">E-COMMERCE<\/a><a class=\"btn btn-default\" href=\"https:\/\/webdesignalafrancaise.com.br\/fr\/services\/hebergement\/\">H\u00c9BERGEMENT<\/a><a class=\"btn btn-default\" href=\"https:\/\/webdesignalafrancaise.com.br\/fr\/services\/pao\/\">P.A.O.<\/a><\/div>\n<\/div>\n<\/div>\n<p>Nous crions le design et d\u00e9veleppons votre boutique avec les plateformes <a href=\"https:\/\/fr.wordpress.org\/\" rel=\"noopener\" target=\"_blank\">WordPress<\/a> ou <a href=\"https:\/\/www.prestashop.com\/fr\" rel=\"noopener\" target=\"_blank\">Prestashop<\/a> pour l&rsquo;administrer avec facilit\u00e9. <\/p>\n<h4><i class=\"fa fa-server blue pull-left\"><\/i> Nom de domaine et h\u00e9bergement<\/h4>\n<p>Pour rester toujours disponible, votre boutique a besoin d&rsquo;un nom de domaine et h\u00e9bergement. Nous avons tous les plans pour enregistrer et h\u00e9berger votre site avec toute la technologie n\u00e9cessaire pour vous permettre de d\u00e9velopper votre affaire en toute tranquillit\u00e9.<\/p>\n<h3><i class=\"fa fa-thumbs-up orange pull-left\"><\/i> Nos points forts:<\/h3>\n<ul>\n<li>Design personnalis\u00e9;<\/li>\n<li>Enregistrement de produits et cat\u00e9gories illimit\u00e9s;<\/li>\n<li>Description de produit avec images, textes, commentaires et avis;<\/li>\n<li>Recherche de produits avec auto-remplissage;<\/li>\n<li>Promotions et coupons de r\u00e9ductions;<\/li>\n<li>Option de payement enligne avec PayPal ou votre propre banque<\/li>\n<li>Accompagnement des achats par vos clients;<\/li>\n<li>Statistique de ventes en temps r\u00e9el;<\/li>\n<li>Boutons pour partager sur les r\u00e9seaux sociaux;<\/li>\n<\/ul>\n<\/div>\n<\/div>\n<\/div>\n<div class=\"portfolio-service\">\n<h2 class=\"text-center\">D\u00e9couvrez un peu plus nos travaux<\/h2>\n\n\t\t\t<!-- START loja virtual REVOLUTION SLIDER 6.7.1 --><p class=\"rs-p-wp-fix\"><\/p>\n\t\t\t<rs-module-wrap id=\"rev_slider_33_1_wrapper\" data-source=\"post\" style=\"visibility:hidden;background:#FFFFFF;padding:0;margin:0px auto;margin-top:0;margin-bottom:0;\">\n\t\t\t\t<rs-module id=\"rev_slider_33_1\" style=\"\" data-version=\"6.7.1\">\n\t\t\t\t\t<rs-slides style=\"overflow: hidden; position: absolute;\">\n\t\t\t\t\t\t<rs-slide style=\"position: absolute;\" data-key=\"rs-2133\" data-title=\"Prevencard\" data-thumb=\"\/\/webdesignalafrancaise.com.br\/wp-content\/uploads\/2016\/09\/prevencard-100x50.jpg\" data-link=\"\/\/webdesignalafrancaise.com.br\/fr\/prevencard\/\" data-tag=\"l\" data-target=\"_self\" data-seoz=\"front\" data-anim=\"ms:300;\" data-in=\"x:-100%;\">\n\t\t\t\t\t\t\t<img decoding=\"async\" src=\"\/\/webdesignalafrancaise.com.br\/wp-content\/plugins\/revslider\/sr6\/assets\/assets\/dummy.png\" alt=\"\" title=\"Prevencard\" width=\"1350\" height=\"1350\" class=\"rev-slidebg tp-rs-img rs-lazyload\" data-lazyload=\"\/\/webdesignalafrancaise.com.br\/wp-content\/uploads\/2016\/09\/prevencard.jpg\" data-parallax=\"off\" data-no-retina>\n<!--\n\t\t\t\t\t\t\t--><h2\n\t\t\t\t\t\t\t\tid=\"slider-33-slide-2133-layer-1\" \n\t\t\t\t\t\t\t\tclass=\"rs-layer\"\n\t\t\t\t\t\t\t\tdata-type=\"text\"\n\t\t\t\t\t\t\t\tdata-color=\"rgba(255,255,255,1)\"\n\t\t\t\t\t\t\t\tdata-rsp_ch=\"on\"\n\t\t\t\t\t\t\t\tdata-xy=\"x:c;y:b;\"\n\t\t\t\t\t\t\t\tdata-text=\"s:24;l:22;a:center;\"\n\t\t\t\t\t\t\t\tdata-dim=\"w:400px;\"\n\t\t\t\t\t\t\t\tdata-padding=\"t:10;r:10;b:10;l:10;\"\n\t\t\t\t\t\t\t\tdata-frame_0=\"y:50px;tp:600;\"\n\t\t\t\t\t\t\t\tdata-frame_1=\"tp:600;e:power2.inOut;st:500;\"\n\t\t\t\t\t\t\t\tdata-frame_999=\"y:50px;o:0;tp:600;e:nothing;st:w;\"\n\t\t\t\t\t\t\t\tstyle=\"z-index:5;background-color:rgba(0,0,0,0.65);font-family:'';\"\n\t\t\t\t\t\t\t>Prevencard \n\t\t\t\t\t\t\t<\/h2><!--\n-->\t\t\t\t\t<\/rs-slide>\n\t\t\t\t\t\t<rs-slide style=\"position: absolute;\" data-key=\"rs-2086\" data-title=\"L&rsquo;Alternative\" data-thumb=\"\/\/webdesignalafrancaise.com.br\/wp-content\/uploads\/2017\/10\/lalternative-100x50.jpg\" data-link=\"\/\/webdesignalafrancaise.com.br\/fr\/lalternative\/\" data-tag=\"l\" data-target=\"_self\" data-seoz=\"front\" data-anim=\"ms:300;\" data-in=\"x:-100%;\">\n\t\t\t\t\t\t\t<img decoding=\"async\" src=\"\/\/webdesignalafrancaise.com.br\/wp-content\/plugins\/revslider\/sr6\/assets\/assets\/dummy.png\" alt=\"L'Alternative - Aula de franc\u00eas online\" title=\"L&rsquo;Alternative &#8211; Aula de franc\u00eas online\" width=\"1352\" height=\"1324\" class=\"rev-slidebg tp-rs-img rs-lazyload\" data-lazyload=\"\/\/webdesignalafrancaise.com.br\/wp-content\/uploads\/2017\/10\/lalternative.jpg\" data-parallax=\"off\" data-no-retina>\n<!--\n\t\t\t\t\t\t\t--><h2\n\t\t\t\t\t\t\t\tid=\"slider-33-slide-2086-layer-1\" \n\t\t\t\t\t\t\t\tclass=\"rs-layer\"\n\t\t\t\t\t\t\t\tdata-type=\"text\"\n\t\t\t\t\t\t\t\tdata-color=\"rgba(255,255,255,1)\"\n\t\t\t\t\t\t\t\tdata-rsp_ch=\"on\"\n\t\t\t\t\t\t\t\tdata-xy=\"x:c;y:b;\"\n\t\t\t\t\t\t\t\tdata-text=\"s:24;l:22;a:center;\"\n\t\t\t\t\t\t\t\tdata-dim=\"w:400px;\"\n\t\t\t\t\t\t\t\tdata-padding=\"t:10;r:10;b:10;l:10;\"\n\t\t\t\t\t\t\t\tdata-frame_0=\"y:50px;tp:600;\"\n\t\t\t\t\t\t\t\tdata-frame_1=\"tp:600;e:power2.inOut;st:500;\"\n\t\t\t\t\t\t\t\tdata-frame_999=\"y:50px;o:0;tp:600;e:nothing;st:w;\"\n\t\t\t\t\t\t\t\tstyle=\"z-index:5;background-color:rgba(0,0,0,0.65);font-family:'';\"\n\t\t\t\t\t\t\t>L'Alternative \n\t\t\t\t\t\t\t<\/h2><!--\n-->\t\t\t\t\t<\/rs-slide>\n\t\t\t\t\t<\/rs-slides>\n\t\t\t\t<\/rs-module>\n\t\t\t\t<script>\n\t\t\t\t\tsetREVStartSize({c: 'rev_slider_33_1',rl:[1240,1024,778,480],el:[],gw:[400],gh:[400],type:'carousel',justify:'',layout:'fullwidth',mh:\"0\"});if (window.RS_MODULES!==undefined && window.RS_MODULES.modules!==undefined && window.RS_MODULES.modules[\"revslider331\"]!==undefined) {window.RS_MODULES.modules[\"revslider331\"].once = false;window.revapi33 = undefined;if (window.RS_MODULES.checkMinimal!==undefined) window.RS_MODULES.checkMinimal()}\n\t\t\t\t<\/script>\n\t\t\t<\/rs-module-wrap>\n\t\t\t<!-- END REVOLUTION SLIDER -->\n\n<\/div>\n<div class=\"form-service\">\n<div class=\"container\">\n<h2 class=\"text-center\">Vous avez aim\u00e9?<\/h2>\n<h5 class=\"text-center\">Entrez en contact avec nous <a href=\"mailto:design@walf.com.br\"> <i class=\"fa fa-envelope\" aria-hidden=\"true\"><\/i> design@walf.com.fr<\/a> &#8211; <a href=\"tel:+5571985119978\"><i class=\"fa fa-whatsapp\" aria-hidden=\"true\"><\/i> +55 (71) 9 8511-9978<\/a><br \/>\nou remplissez notre formulaire de demande de devis<\/h5>\n\n<div class=\"wpcf7 no-js\" id=\"wpcf7-f2060-o1\" lang=\"pt-BR\" dir=\"ltr\" data-wpcf7-id=\"2060\">\n<div class=\"screen-reader-response\"><p role=\"status\" aria-live=\"polite\" aria-atomic=\"true\"><\/p> <ul><\/ul><\/div>\n<form action=\"\/fr\/wp-json\/wp\/v2\/pages\/2091#wpcf7-f2060-o1\" method=\"post\" class=\"wpcf7-form init\" aria-label=\"Formul\u00e1rios de contato\" novalidate=\"novalidate\" data-status=\"init\">\n<fieldset class=\"hidden-fields-container\"><input type=\"hidden\" name=\"_wpcf7\" value=\"2060\" \/><input type=\"hidden\" name=\"_wpcf7_version\" value=\"6.1.5\" \/><input type=\"hidden\" name=\"_wpcf7_locale\" value=\"pt_BR\" \/><input type=\"hidden\" name=\"_wpcf7_unit_tag\" value=\"wpcf7-f2060-o1\" \/><input type=\"hidden\" name=\"_wpcf7_container_post\" value=\"0\" \/><input type=\"hidden\" name=\"_wpcf7_posted_data_hash\" value=\"\" \/><input type=\"hidden\" name=\"_wpcf7_recaptcha_response\" value=\"\" \/>\n<\/fieldset>\n<div class=\"row form-group\">\n\t<div class=\"col-sm-6\">\n\t\t<p><label>Nom complet*<\/label><span class=\"wpcf7-form-control-wrap\" data-name=\"text-285\"><input size=\"40\" maxlength=\"400\" class=\"wpcf7-form-control wpcf7-text wpcf7-validates-as-required form-control\" aria-required=\"true\" aria-invalid=\"false\" placeholder=\"Votre nom\" value=\"\" type=\"text\" name=\"text-285\" \/><\/span>\n\t\t<\/p>\n\t<\/div>\n\t<div class=\"col-sm-6\">\n\t\t<p><label>Votre e-mail*<\/label><span class=\"wpcf7-form-control-wrap\" data-name=\"email-521\"><input size=\"40\" maxlength=\"400\" class=\"wpcf7-form-control wpcf7-email wpcf7-validates-as-required wpcf7-text wpcf7-validates-as-email form-control\" aria-required=\"true\" aria-invalid=\"false\" placeholder=\"Ex: nome@domaine.com\" value=\"\" type=\"email\" name=\"email-521\" \/><\/span>\n\t\t<\/p>\n\t<\/div>\n<\/div>\n<div class=\"row form-group\">\n\t<div class=\"col-sm-6\">\n\t\t<p><label>Votre t\u00e9l\u00e9phone*<\/label><span class=\"wpcf7-form-control-wrap\" data-name=\"tel-936\"><input size=\"40\" maxlength=\"400\" class=\"wpcf7-form-control wpcf7-tel wpcf7-validates-as-required wpcf7-text wpcf7-validates-as-tel form-control\" aria-required=\"true\" aria-invalid=\"false\" placeholder=\"Ex: 00 00 00 00 00\" value=\"\" type=\"tel\" name=\"tel-936\" \/><\/span>\n\t\t<\/p>\n\t<\/div>\n\t<div class=\"col-sm-6\">\n\t\t<p><label>Type de service*<\/label><span class=\"wpcf7-form-control-wrap\" data-name=\"servicos\"><select class=\"wpcf7-form-control wpcf7-select wpcf7-validates-as-required form-control\" aria-required=\"true\" aria-invalid=\"false\" name=\"servicos\"><option value=\"\">&#8212;Escolha uma op\u00e7\u00e3o&#8212;<\/option><option value=\"Site web\">Site web<\/option><option value=\"E-commerce\">E-commerce<\/option><option value=\"H\u00e9bergement\">H\u00e9bergement<\/option><option value=\"P.A.O.\">P.A.O.<\/option><option value=\"Autre\">Autre<\/option><\/select><\/span>\n\t\t<\/p>\n\t<\/div>\n<\/div>\n<div class=\"row form-group\">\n\t<div class=\"col-md-12\">\n\t\t<p><label>Message<\/label><span class=\"wpcf7-form-control-wrap\" data-name=\"textarea-113\"><textarea cols=\"40\" rows=\"10\" maxlength=\"2000\" class=\"wpcf7-form-control wpcf7-textarea form-control\" aria-invalid=\"false\" placeholder=\"Dites-nous en un peu plus sur votre projet\" name=\"textarea-113\"><\/textarea><\/span>\n\t\t<\/p>\n\t<\/div>\n<\/div>\n<div class=\"row form-group pt30\">\n\t<div class=\"col-md-4 col-md-offset-2 text-right col-sm-6\">\n\t\t<p>Comment avez-vous connue notre entreprise?*\n\t\t<\/p>\n\t<\/div>\n\t<div class=\"col-md-4 col-sm-6\">\n\t\t<p><span class=\"wpcf7-form-control-wrap\" data-name=\"menu-786\"><select class=\"wpcf7-form-control wpcf7-select wpcf7-validates-as-required form-control\" aria-required=\"true\" aria-invalid=\"false\" name=\"menu-786\"><option value=\"\">&#8212;Escolha uma op\u00e7\u00e3o&#8212;<\/option><option value=\"Bouche \u00e0 oreille\">Bouche \u00e0 oreille<\/option><option value=\"Flyer\/Carte de visite\">Flyer\/Carte de visite<\/option><option value=\"Recherche internet\">Recherche internet<\/option><option value=\"R\u00e9seaux sociaux\">R\u00e9seaux sociaux<\/option><\/select><\/span>\n\t\t<\/p>\n\t<\/div>\n<\/div>\n<div class=\"row form-group\">\n\t<div class=\"col-md-4 col-sm-6\">\n\t\n\t<\/div>\n\t<div class=\"col-md-4 col-md-offset-4 col-sm-6\">\n\t\t<p><input class=\"wpcf7-form-control wpcf7-submit has-spinner btn-form\" type=\"submit\" value=\"Envoyer\" \/>\n\t\t<\/p>\n\t<\/div>\n<\/div><div class=\"wpcf7-response-output\" aria-hidden=\"true\"><\/div>\n<\/form>\n<\/div>\n\n<div>\n","protected":false},"excerpt":{"rendered":"<p>SITE WEBE-COMMERCEH\u00c9BERGEMENTP.A.O. Nous crions le design et d\u00e9veleppons votre boutique avec les plateformes WordPress ou Prestashop pour l&rsquo;administrer avec facilit\u00e9. Nom de domaine et h\u00e9bergement Pour rester toujours disponible, votre boutique a besoin d&rsquo;un nom de domaine et h\u00e9bergement. Nous avons tous les plans pour enregistrer et h\u00e9berger votre site avec toute la technologie n\u00e9cessaire [&hellip;]<\/p>\n","protected":false},"author":2,"featured_media":0,"parent":2073,"menu_order":0,"comment_status":"closed","ping_status":"closed","template":"","meta":{"_acf_changed":false,"footnotes":""},"class_list":["post-2091","page","type-page","status-publish","hentry"],"acf":[],"yoast_head":"<!-- This site is optimized with the Yoast SEO plugin v27.6 - https:\/\/yoast.com\/product\/yoast-seo-wordpress\/ -->\n<title>D\u00e9veloppement de e-commerce avec payement en ligne<\/title>\n<meta name=\"description\" content=\"\u00c9laboration de boutique en ligne avec Woocommerce ou Prestashop, enregistrement de produits et cat\u00e9gories illimit\u00e9s, payement en linge avec carte de cr\u00e9dit\" \/>\n<meta name=\"robots\" content=\"index, follow, max-snippet:-1, max-image-preview:large, max-video-preview:-1\" \/>\n<link rel=\"canonical\" href=\"https:\/\/webdesignalafrancaise.com.br\/fr\/services\/e-commerce\/\" \/>\n<meta property=\"og:locale\" content=\"fr_FR\" \/>\n<meta property=\"og:type\" content=\"article\" \/>\n<meta property=\"og:title\" content=\"D\u00e9veloppement de e-commerce avec payement en ligne\" \/>\n<meta property=\"og:description\" content=\"\u00c9laboration de boutique en ligne avec Woocommerce ou Prestashop, enregistrement de produits et cat\u00e9gories illimit\u00e9s, payement en linge avec carte de cr\u00e9dit\" \/>\n<meta property=\"og:url\" content=\"https:\/\/webdesignalafrancaise.com.br\/fr\/services\/e-commerce\/\" \/>\n<meta property=\"og:site_name\" content=\"Webdesign \u00e0 la fran\u00e7aise\" \/>\n<meta property=\"article:publisher\" content=\"https:\/\/www.facebook.com\/webdesignALaFrancaise\/\" \/>\n<meta property=\"article:modified_time\" content=\"2017-10-24T13:59:53+00:00\" \/>\n<meta property=\"og:image\" content=\"https:\/\/webdesignalafrancaise.com.br\/wp-content\/uploads\/2015\/09\/promoao-site.jpg\" \/>\n\t<meta property=\"og:image:width\" content=\"1200\" \/>\n\t<meta property=\"og:image:height\" content=\"630\" \/>\n\t<meta property=\"og:image:type\" content=\"image\/jpeg\" \/>\n<meta name=\"twitter:card\" content=\"summary_large_image\" \/>\n<meta name=\"twitter:label1\" content=\"Dur\u00e9e de lecture estim\u00e9e\" \/>\n\t<meta name=\"twitter:data1\" content=\"1 minute\" \/>\n<script type=\"application\/ld+json\" class=\"yoast-schema-graph\">{\"@context\":\"https:\\\/\\\/schema.org\",\"@graph\":[{\"@type\":\"WebPage\",\"@id\":\"https:\\\/\\\/webdesignalafrancaise.com.br\\\/fr\\\/services\\\/e-commerce\\\/\",\"url\":\"https:\\\/\\\/webdesignalafrancaise.com.br\\\/fr\\\/services\\\/e-commerce\\\/\",\"name\":\"D\u00e9veloppement de e-commerce avec payement en ligne\",\"isPartOf\":{\"@id\":\"https:\\\/\\\/webdesignalafrancaise.com.br\\\/fr\\\/#website\"},\"datePublished\":\"2017-10-09T14:54:51+00:00\",\"dateModified\":\"2017-10-24T13:59:53+00:00\",\"description\":\"\u00c9laboration de boutique en ligne avec Woocommerce ou Prestashop, enregistrement de produits et cat\u00e9gories illimit\u00e9s, payement en linge avec carte de cr\u00e9dit\",\"breadcrumb\":{\"@id\":\"https:\\\/\\\/webdesignalafrancaise.com.br\\\/fr\\\/services\\\/e-commerce\\\/#breadcrumb\"},\"inLanguage\":\"fr-FR\",\"potentialAction\":[{\"@type\":\"ReadAction\",\"target\":[\"https:\\\/\\\/webdesignalafrancaise.com.br\\\/fr\\\/services\\\/e-commerce\\\/\"]}]},{\"@type\":\"BreadcrumbList\",\"@id\":\"https:\\\/\\\/webdesignalafrancaise.com.br\\\/fr\\\/services\\\/e-commerce\\\/#breadcrumb\",\"itemListElement\":[{\"@type\":\"ListItem\",\"position\":1,\"name\":\"In\u00edcio\",\"item\":\"https:\\\/\\\/webdesignalafrancaise.com.br\\\/fr\\\/\"},{\"@type\":\"ListItem\",\"position\":2,\"name\":\"Services\",\"item\":\"https:\\\/\\\/webdesignalafrancaise.com.br\\\/fr\\\/services\\\/\"},{\"@type\":\"ListItem\",\"position\":3,\"name\":\"E-Commerce\"}]},{\"@type\":\"WebSite\",\"@id\":\"https:\\\/\\\/webdesignalafrancaise.com.br\\\/fr\\\/#website\",\"url\":\"https:\\\/\\\/webdesignalafrancaise.com.br\\\/fr\\\/\",\"name\":\"Webdesign \u00e0 la fran\u00e7aise\",\"description\":\"Cr\u00e9ation site web et P.A.O.\",\"publisher\":{\"@id\":\"https:\\\/\\\/webdesignalafrancaise.com.br\\\/fr\\\/#organization\"},\"potentialAction\":[{\"@type\":\"SearchAction\",\"target\":{\"@type\":\"EntryPoint\",\"urlTemplate\":\"https:\\\/\\\/webdesignalafrancaise.com.br\\\/fr\\\/?s={search_term_string}\"},\"query-input\":{\"@type\":\"PropertyValueSpecification\",\"valueRequired\":true,\"valueName\":\"search_term_string\"}}],\"inLanguage\":\"fr-FR\"},{\"@type\":\"Organization\",\"@id\":\"https:\\\/\\\/webdesignalafrancaise.com.br\\\/fr\\\/#organization\",\"name\":\"Webdesign \u00e0 la fran\u00e7aise\",\"url\":\"https:\\\/\\\/webdesignalafrancaise.com.br\\\/fr\\\/\",\"logo\":{\"@type\":\"ImageObject\",\"inLanguage\":\"fr-FR\",\"@id\":\"https:\\\/\\\/webdesignalafrancaise.com.br\\\/fr\\\/#\\\/schema\\\/logo\\\/image\\\/\",\"url\":\"https:\\\/\\\/webdesignalafrancaise.com.br\\\/wp-content\\\/uploads\\\/2016\\\/06\\\/logo-webdesign-\u00e0-la-fran\u00e7aise-2016.png\",\"contentUrl\":\"https:\\\/\\\/webdesignalafrancaise.com.br\\\/wp-content\\\/uploads\\\/2016\\\/06\\\/logo-webdesign-\u00e0-la-fran\u00e7aise-2016.png\",\"width\":434,\"height\":434,\"caption\":\"Webdesign \u00e0 la fran\u00e7aise\"},\"image\":{\"@id\":\"https:\\\/\\\/webdesignalafrancaise.com.br\\\/fr\\\/#\\\/schema\\\/logo\\\/image\\\/\"},\"sameAs\":[\"https:\\\/\\\/www.facebook.com\\\/webdesignALaFrancaise\\\/\",\"https:\\\/\\\/www.linkedin.com\\\/company\\\/webdesign-\u00e0-la-fran\u00e7aise\\\/\",\"https:\\\/\\\/www.linkedin.com\\\/company\\\/webdesign-\u00e0-la-fran\u00e7aise\"]}]}<\/script>\n<!-- \/ Yoast SEO plugin. -->","yoast_head_json":{"title":"D\u00e9veloppement de e-commerce avec payement en ligne","description":"\u00c9laboration de boutique en ligne avec Woocommerce ou Prestashop, enregistrement de produits et cat\u00e9gories illimit\u00e9s, payement en linge avec carte de cr\u00e9dit","robots":{"index":"index","follow":"follow","max-snippet":"max-snippet:-1","max-image-preview":"max-image-preview:large","max-video-preview":"max-video-preview:-1"},"canonical":"https:\/\/webdesignalafrancaise.com.br\/fr\/services\/e-commerce\/","og_locale":"fr_FR","og_type":"article","og_title":"D\u00e9veloppement de e-commerce avec payement en ligne","og_description":"\u00c9laboration de boutique en ligne avec Woocommerce ou Prestashop, enregistrement de produits et cat\u00e9gories illimit\u00e9s, payement en linge avec carte de cr\u00e9dit","og_url":"https:\/\/webdesignalafrancaise.com.br\/fr\/services\/e-commerce\/","og_site_name":"Webdesign \u00e0 la fran\u00e7aise","article_publisher":"https:\/\/www.facebook.com\/webdesignALaFrancaise\/","article_modified_time":"2017-10-24T13:59:53+00:00","og_image":[{"width":1200,"height":630,"url":"https:\/\/webdesignalafrancaise.com.br\/wp-content\/uploads\/2015\/09\/promoao-site.jpg","type":"image\/jpeg"}],"twitter_card":"summary_large_image","twitter_misc":{"Dur\u00e9e de lecture estim\u00e9e":"1 minute"},"schema":{"@context":"https:\/\/schema.org","@graph":[{"@type":"WebPage","@id":"https:\/\/webdesignalafrancaise.com.br\/fr\/services\/e-commerce\/","url":"https:\/\/webdesignalafrancaise.com.br\/fr\/services\/e-commerce\/","name":"D\u00e9veloppement de e-commerce avec payement en ligne","isPartOf":{"@id":"https:\/\/webdesignalafrancaise.com.br\/fr\/#website"},"datePublished":"2017-10-09T14:54:51+00:00","dateModified":"2017-10-24T13:59:53+00:00","description":"\u00c9laboration de boutique en ligne avec Woocommerce ou Prestashop, enregistrement de produits et cat\u00e9gories illimit\u00e9s, payement en linge avec carte de cr\u00e9dit","breadcrumb":{"@id":"https:\/\/webdesignalafrancaise.com.br\/fr\/services\/e-commerce\/#breadcrumb"},"inLanguage":"fr-FR","potentialAction":[{"@type":"ReadAction","target":["https:\/\/webdesignalafrancaise.com.br\/fr\/services\/e-commerce\/"]}]},{"@type":"BreadcrumbList","@id":"https:\/\/webdesignalafrancaise.com.br\/fr\/services\/e-commerce\/#breadcrumb","itemListElement":[{"@type":"ListItem","position":1,"name":"In\u00edcio","item":"https:\/\/webdesignalafrancaise.com.br\/fr\/"},{"@type":"ListItem","position":2,"name":"Services","item":"https:\/\/webdesignalafrancaise.com.br\/fr\/services\/"},{"@type":"ListItem","position":3,"name":"E-Commerce"}]},{"@type":"WebSite","@id":"https:\/\/webdesignalafrancaise.com.br\/fr\/#website","url":"https:\/\/webdesignalafrancaise.com.br\/fr\/","name":"Webdesign \u00e0 la fran\u00e7aise","description":"Cr\u00e9ation site web et P.A.O.","publisher":{"@id":"https:\/\/webdesignalafrancaise.com.br\/fr\/#organization"},"potentialAction":[{"@type":"SearchAction","target":{"@type":"EntryPoint","urlTemplate":"https:\/\/webdesignalafrancaise.com.br\/fr\/?s={search_term_string}"},"query-input":{"@type":"PropertyValueSpecification","valueRequired":true,"valueName":"search_term_string"}}],"inLanguage":"fr-FR"},{"@type":"Organization","@id":"https:\/\/webdesignalafrancaise.com.br\/fr\/#organization","name":"Webdesign \u00e0 la fran\u00e7aise","url":"https:\/\/webdesignalafrancaise.com.br\/fr\/","logo":{"@type":"ImageObject","inLanguage":"fr-FR","@id":"https:\/\/webdesignalafrancaise.com.br\/fr\/#\/schema\/logo\/image\/","url":"https:\/\/webdesignalafrancaise.com.br\/wp-content\/uploads\/2016\/06\/logo-webdesign-\u00e0-la-fran\u00e7aise-2016.png","contentUrl":"https:\/\/webdesignalafrancaise.com.br\/wp-content\/uploads\/2016\/06\/logo-webdesign-\u00e0-la-fran\u00e7aise-2016.png","width":434,"height":434,"caption":"Webdesign \u00e0 la fran\u00e7aise"},"image":{"@id":"https:\/\/webdesignalafrancaise.com.br\/fr\/#\/schema\/logo\/image\/"},"sameAs":["https:\/\/www.facebook.com\/webdesignALaFrancaise\/","https:\/\/www.linkedin.com\/company\/webdesign-\u00e0-la-fran\u00e7aise\/","https:\/\/www.linkedin.com\/company\/webdesign-\u00e0-la-fran\u00e7aise"]}]}},"jetpack_sharing_enabled":true,"_links":{"self":[{"href":"https:\/\/webdesignalafrancaise.com.br\/fr\/wp-json\/wp\/v2\/pages\/2091","targetHints":{"allow":["GET"]}}],"collection":[{"href":"https:\/\/webdesignalafrancaise.com.br\/fr\/wp-json\/wp\/v2\/pages"}],"about":[{"href":"https:\/\/webdesignalafrancaise.com.br\/fr\/wp-json\/wp\/v2\/types\/page"}],"author":[{"embeddable":true,"href":"https:\/\/webdesignalafrancaise.com.br\/fr\/wp-json\/wp\/v2\/users\/2"}],"replies":[{"embeddable":true,"href":"https:\/\/webdesignalafrancaise.com.br\/fr\/wp-json\/wp\/v2\/comments?post=2091"}],"version-history":[{"count":0,"href":"https:\/\/webdesignalafrancaise.com.br\/fr\/wp-json\/wp\/v2\/pages\/2091\/revisions"}],"up":[{"embeddable":true,"href":"https:\/\/webdesignalafrancaise.com.br\/fr\/wp-json\/wp\/v2\/pages\/2073"}],"wp:attachment":[{"href":"https:\/\/webdesignalafrancaise.com.br\/fr\/wp-json\/wp\/v2\/media?parent=2091"}],"curies":[{"name":"wp","href":"https:\/\/api.w.org\/{rel}","templated":true}]}}